{"id":9,"date":"2015-02-16T13:12:30","date_gmt":"2015-02-16T13:12:30","guid":{"rendered":"http:\/\/kauneushoitolapiacarita.fi\/?page_id=9"},"modified":"2025-11-25T17:01:09","modified_gmt":"2025-11-25T17:01:09","slug":"hinnasto","status":"publish","type":"page","link":"https:\/\/kauneushoitolapiacarita.fi\/?page_id=9","title":{"rendered":"Hinnasto"},"content":{"rendered":"<h3><strong>Kasvohoidot<\/strong><\/h3>\n<p><strong>Nuorison ihonpuhdistus\u00a0\u00a0 1h 30min \u00a0\u00a0 60\u20ac<\/strong><\/p>\n<p><strong>T\u00e4ydellinen kasvohoito\u00a0\u00a0 2h\u00a0 \u00a0 80\u20ac<\/strong><\/p>\n<p><strong>Kasvohoito tehoampullilla\u00a0\u00a0 2h\u00a0 \u00a0 90\u20ac<\/strong><\/p>\n<h3><strong>Jalkahoidot<\/strong><\/h3>\n<p><strong>Jalkahoito\u00a0\u00a0 1h 30min\u00a0 \u00a060\u20ac<\/strong><\/p>\n<p><strong>Jalkahieronta\u00a0\u00a0 1h\u00a0\u00a0 50\u20ac<\/strong><\/p>\n<h3><strong>Hieronta<\/strong><\/h3>\n<p><strong>Kasvo- ja dekolteen hieronta \u00a0 1h\u00a0 \u00a0 60\u20ac<\/strong><\/p>\n<h3><strong>Ripset ja kulmat<\/strong><\/h3>\n<p><strong>Kulmien muotoilu\u00a0 \u00a020\u20ac<\/strong><\/p>\n<p><strong>Kulmien kestov\u00e4rj\u00e4ys ja muotoilu\u00a0 \u00a025\u20ac<\/strong><\/p>\n<p><strong>Ripsien kestov\u00e4rj\u00e4ys \u00a0 20\u20ac<\/strong><\/p>\n<p><strong>Ripsien ja kulmien kestov\u00e4rj\u00e4ys\u00a0 \u00a035\u20ac<\/strong><\/p>\n<h3><strong>Ihokarvojen poisto sokerointi<\/strong><\/h3>\n<p><strong>Bikinirajat\u00a0\u00a0 40\u20ac<\/strong><\/p>\n<p><strong>Brassi\u00a0\u00a0 80\u20ac<\/strong><\/p>\n<p><strong>Kainalot \u00a0 30\u20ac<\/strong><\/p>\n<p><strong>K\u00e4sivarret\u00a0\u00a0 50\u20ac<\/strong><\/p>\n<p><strong>Leuka + yl\u00e4huuli \u00a0 18\u20ac<\/strong><\/p>\n<p><strong>Yl\u00e4huuli\u00a0\u00a0 15\u20ac<\/strong><\/p>\n<p><strong>Koko kasvot\u00a0\u00a0 40\u20ac<\/strong><\/p>\n<p><strong>Reidet \u00a0 40\u20ac<\/strong><\/p>\n<p><strong>S\u00e4\u00e4ret \u00a0 40\u20ac<\/strong><\/p>\n<p><strong>Koko jalat\u00a0\u00a0 80\u20ac<\/strong><\/p>\n<p>Voit ostaa lahjakortteja\u00a0hoitolasta.<\/p>\n<p>Hinnat sis. alv. 25,5 % Kaikki oikeudet hintojen muutoksiin pid\u00e4tet\u00e4\u00e4n.<\/p>\n<p>Tervetuloa!<br \/>\nSky-Kosmetologi Pia Hein\u00e4vaara<\/p>\n","protected":false},"excerpt":{"rendered":"<p>Kasvohoidot Nuorison ihonpuhdistus\u00a0\u00a0 1h 30min \u00a0\u00a0 60\u20ac T\u00e4ydellinen kasvohoito\u00a0\u00a0 2h\u00a0 \u00a0 80\u20ac Kasvohoito tehoampullilla\u00a0\u00a0 2h\u00a0 \u00a0 90\u20ac Jalkahoidot Jalkahoito\u00a0\u00a0 1h 30min\u00a0 \u00a060\u20ac Jalkahieronta\u00a0\u00a0 1h\u00a0\u00a0 50\u20ac Hieronta Kasvo- ja dekolteen hieronta \u00a0 1h\u00a0 \u00a0 60\u20ac Ripset ja kulmat Kulmien muotoilu\u00a0 \u00a020\u20ac Kulmien kestov\u00e4rj\u00e4ys ja muotoilu\u00a0 \u00a025\u20ac Ripsien kestov\u00e4rj\u00e4ys \u00a0 20\u20ac Ripsien \u2026<\/p>\n<p> <a class=\"continue-reading-link\" href=\"https:\/\/kauneushoitolapiacarita.fi\/?page_id=9\">Continue reading<i class=\"icon-right-dir\"><\/i><\/a><\/p>\n","protected":false},"author":1,"featured_media":0,"parent":0,"menu_order":2,"comment_status":"open","ping_status":"open","template":"templates\/template-page-with-intro.php","meta":[],"_links":{"self":[{"href":"https:\/\/kauneushoitolapiacarita.fi\/index.php?rest_route=\/wp\/v2\/pages\/9"}],"collection":[{"href":"https:\/\/kauneushoitolapiacarita.fi\/index.php?rest_route=\/wp\/v2\/pages"}],"about":[{"href":"https:\/\/kauneushoitolapiacarita.fi\/index.php?rest_route=\/wp\/v2\/types\/page"}],"author":[{"embeddable":true,"href":"https:\/\/kauneushoitolapiacarita.fi\/index.php?rest_route=\/wp\/v2\/users\/1"}],"replies":[{"embeddable":true,"href":"https:\/\/kauneushoitolapiacarita.fi\/index.php?rest_route=%2Fwp%2Fv2%2Fcomments&post=9"}],"version-history":[{"count":31,"href":"https:\/\/kauneushoitolapiacarita.fi\/index.php?rest_route=\/wp\/v2\/pages\/9\/revisions"}],"predecessor-version":[{"id":118,"href":"https:\/\/kauneushoitolapiacarita.fi\/index.php?rest_route=\/wp\/v2\/pages\/9\/revisions\/118"}],"wp:attachment":[{"href":"https:\/\/kauneushoitolapiacarita.fi\/index.php?rest_route=%2Fwp%2Fv2%2Fmedia&parent=9"}],"curies":[{"name":"wp","href":"https:\/\/api.w.org\/{rel}","templated":true}]}}