{"id":11,"date":"2015-02-16T13:12:37","date_gmt":"2015-02-16T13:12:37","guid":{"rendered":"http:\/\/kauneushoitolapiacarita.fi\/?page_id=11"},"modified":"2022-04-01T14:09:22","modified_gmt":"2022-04-01T14:09:22","slug":"yhteystiedot","status":"publish","type":"page","link":"https:\/\/kauneushoitolapiacarita.fi\/?page_id=11","title":{"rendered":"Yhteystiedot"},"content":{"rendered":"\n<p><strong>Kosmetologi Pia Hein\u00e4vaara&nbsp;<\/strong>Yritt\u00e4j\u00e4, Suomen kosmetologiyhdistyksen j\u00e4sen<\/p>\n\n\n\n<p><strong>Osoite<\/strong> Kiertokatu 12, 28130 Pori<\/p>\n\n\n\n<p><strong>Puhelin<\/strong> 040 518 4756<\/p>\n\n\n\n<p><strong>S\u00e4hk\u00f6posti<\/strong>&nbsp;piacarita.heinavaara@gmail.com<\/p>\n\n\n\n<p><strong>Ota yhteytt\u00e4!<\/strong><\/p>\n\n\n\n<p><\/p>\n\n\n\n<iframe src=\"https:\/\/www.google.com\/maps\/embed?pb=!1m18!1m12!1m3!1d1905.034885599988!2d21.79269021616009!3d61.47943938246211!2m3!1f0!2f0!3f0!3m2!1i1024!2i768!4f13.1!3m3!1m2!1s0x46890b3e3e426607%3A0x6fc54dbdf6fbd1f2!2sKiertokatu%2012%2C%2028130%20Pori!5e0!3m2!1sen!2sfi!4v1648821844861!5m2!1sen!2sfi\" width=\"600\" height=\"450\" style=\"border:0;\" allowfullscreen=\"\" loading=\"lazy\" referrerpolicy=\"no-referrer-when-downgrade\"><\/iframe>\n\n\n\n<p><\/p>\n","protected":false},"excerpt":{"rendered":"<p>Kosmetologi Pia Hein\u00e4vaara&nbsp;Yritt\u00e4j\u00e4, Suomen kosmetologiyhdistyksen j\u00e4sen Osoite Kiertokatu 12, 28130 Pori Puhelin 040 518 4756 S\u00e4hk\u00f6posti&nbsp;piacarita.heinavaara@gmail.com Ota yhteytt\u00e4!<\/p>\n","protected":false},"author":1,"featured_media":0,"parent":0,"menu_order":4,"comment_status":"open","ping_status":"open","template":"templates\/template-page-with-intro.php","meta":[],"_links":{"self":[{"href":"https:\/\/kauneushoitolapiacarita.fi\/index.php?rest_route=\/wp\/v2\/pages\/11"}],"collection":[{"href":"https:\/\/kauneushoitolapiacarita.fi\/index.php?rest_route=\/wp\/v2\/pages"}],"about":[{"href":"https:\/\/kauneushoitolapiacarita.fi\/index.php?rest_route=\/wp\/v2\/types\/page"}],"author":[{"embeddable":true,"href":"https:\/\/kauneushoitolapiacarita.fi\/index.php?rest_route=\/wp\/v2\/users\/1"}],"replies":[{"embeddable":true,"href":"https:\/\/kauneushoitolapiacarita.fi\/index.php?rest_route=%2Fwp%2Fv2%2Fcomments&post=11"}],"version-history":[{"count":12,"href":"https:\/\/kauneushoitolapiacarita.fi\/index.php?rest_route=\/wp\/v2\/pages\/11\/revisions"}],"predecessor-version":[{"id":108,"href":"https:\/\/kauneushoitolapiacarita.fi\/index.php?rest_route=\/wp\/v2\/pages\/11\/revisions\/108"}],"wp:attachment":[{"href":"https:\/\/kauneushoitolapiacarita.fi\/index.php?rest_route=%2Fwp%2Fv2%2Fmedia&parent=11"}],"curies":[{"name":"wp","href":"https:\/\/api.w.org\/{rel}","templated":true}]}}